{"id":15,"date":"2020-04-14T16:17:25","date_gmt":"2020-04-14T16:17:25","guid":{"rendered":"http:\/\/192.168.10.3:8585\/?page_id=15"},"modified":"2020-06-22T11:20:15","modified_gmt":"2020-06-22T11:20:15","slug":"contacto","status":"publish","type":"page","link":"https:\/\/thecloudarchitects.es\/?page_id=15","title":{"rendered":"Quienes Somos"},"content":{"rendered":"\n<p>Bienvenido a \u00abTheCloudArchitects\u00bb, un Blog creado por un grupo de compa\u00f1eros apasionados por el mundo de la nube, la virtualizaci\u00f3n y la tecnologia. Este canal lo creamos para ofrecer informaci\u00f3n actualizada, novedades del sector y curiosidades que nos encontramos en nuestro dia a dia.<\/p>\n\n\n\n<p><\/p>\n\n\n\n<p><br><strong>Francisco Tocino<\/strong><\/p>\n\n\n\n<figure class=\"wp-block-image size-large is-resized\"><img loading=\"lazy\" decoding=\"async\" src=\"http:\/\/192.168.10.3:8585\/wp-content\/uploads\/2020\/06\/2019-03-01-12.06.58-1024x778.jpg\" alt=\"\" class=\"wp-image-95\" width=\"309\" height=\"235\" srcset=\"https:\/\/thecloudarchitects.es\/wp-content\/uploads\/2020\/06\/2019-03-01-12.06.58-1024x778.jpg 1024w, https:\/\/thecloudarchitects.es\/wp-content\/uploads\/2020\/06\/2019-03-01-12.06.58-300x228.jpg 300w, https:\/\/thecloudarchitects.es\/wp-content\/uploads\/2020\/06\/2019-03-01-12.06.58-768x584.jpg 768w, https:\/\/thecloudarchitects.es\/wp-content\/uploads\/2020\/06\/2019-03-01-12.06.58-1536x1167.jpg 1536w, https:\/\/thecloudarchitects.es\/wp-content\/uploads\/2020\/06\/2019-03-01-12.06.58.jpg 1603w\" sizes=\"(max-width: 309px) 100vw, 309px\" \/><\/figure>\n\n\n\n<p>Francisco Tocino trabaja con todo el stack de productos de Software Defined Datacenter y est\u00e1 specializado en vSAN y vCloud Director. Lleva unos 10 a\u00f1os trabajando con tecnologias cloud para proveedores de servicios y actualmente es consultor senior en el departamento de Professional Services para VMware.<\/p>\n\n\n\n<p>Linkedin <a href=\"https:\/\/www.linkedin.com\/in\/tocinorf\">https:\/\/www.linkedin.com\/in\/tocinorf<\/a><\/p>\n\n\n\n<p>Acclaim <a href=\"https:\/\/www.youracclaim.com\/users\/francisco-tocino\">https:\/\/www.youracclaim.com\/users\/francisco-tocino<\/a>  <\/p>\n\n\n\n<p><br><strong>Leandro Nairn<\/strong><\/p>\n\n\n\n<p><\/p>\n\n\n\n<figure class=\"wp-block-image size-large is-resized\"><img loading=\"lazy\" decoding=\"async\" src=\"http:\/\/192.168.10.3:8585\/wp-content\/uploads\/2020\/06\/image-768x1024.png\" alt=\"\" class=\"wp-image-103\" width=\"321\" height=\"428\" srcset=\"https:\/\/thecloudarchitects.es\/wp-content\/uploads\/2020\/06\/image-768x1024.png 768w, https:\/\/thecloudarchitects.es\/wp-content\/uploads\/2020\/06\/image-225x300.png 225w, https:\/\/thecloudarchitects.es\/wp-content\/uploads\/2020\/06\/image-1152x1536.png 1152w, https:\/\/thecloudarchitects.es\/wp-content\/uploads\/2020\/06\/image.png 1200w\" sizes=\"(max-width: 321px) 100vw, 321px\" \/><\/figure>\n\n\n\n<p>Leandro Nairn trabaja como Consulting Architect de servicios profesionales de VMware. Cuenta con 15 a\u00f1os de experiencia en productos VMware dentro del stack SDDC, ayudando a clientes en el dise\u00f1o e implantaci\u00f3n de soluciones para plataformas cloud, bas\u00e1ndose en tecnolog\u00edas de automatizaci\u00f3n y orquestaci\u00f3n.<\/p>\n\n\n\n<p>LinkedIn: <a href=\"https:\/\/www.linkedin.com\/in\/leandronairn\/\">https:\/\/www.linkedin.com\/in\/leandronairn\/<\/a><\/p>\n\n\n\n<p>Acclaim: <a href=\"https:\/\/www.youracclaim.com\/users\/leandro-nairn\">https:\/\/www.youracclaim.com\/users\/leandro-nairn<\/a><\/p>\n","protected":false},"excerpt":{"rendered":"<p>Bienvenido a \u00abTheCloudArchitects\u00bb, un Blog creado por un grupo de compa\u00f1eros apasionados por el mundo de la nube, la virtualizaci\u00f3n y la tecnologia. Este canal lo creamos para ofrecer informaci\u00f3n actualizada, novedades del sector y curiosidades que nos encontramos en nuestro dia a dia. Francisco Tocino Francisco Tocino trabaja con todo el stack de productos &hellip;<br \/><a href=\"https:\/\/thecloudarchitects.es\/?page_id=15\" class=\"more-link pen_element_default pen_icon_none\">Seguir leyendo <span class=\"screen-reader-text\">Quienes Somos<\/span><\/a><\/p>\n","protected":false},"author":1,"featured_media":0,"parent":0,"menu_order":0,"comment_status":"closed","ping_status":"closed","template":"","meta":{"_monsterinsights_skip_tracking":false,"_monsterinsights_sitenote_active":false,"_monsterinsights_sitenote_note":"","_monsterinsights_sitenote_category":0,"footnotes":""},"class_list":["post-15","page","type-page","status-publish","hentry"],"_links":{"self":[{"href":"https:\/\/thecloudarchitects.es\/index.php?rest_route=\/wp\/v2\/pages\/15"}],"collection":[{"href":"https:\/\/thecloudarchitects.es\/index.php?rest_route=\/wp\/v2\/pages"}],"about":[{"href":"https:\/\/thecloudarchitects.es\/index.php?rest_route=\/wp\/v2\/types\/page"}],"author":[{"embeddable":true,"href":"https:\/\/thecloudarchitects.es\/index.php?rest_route=\/wp\/v2\/users\/1"}],"replies":[{"embeddable":true,"href":"https:\/\/thecloudarchitects.es\/index.php?rest_route=%2Fwp%2Fv2%2Fcomments&post=15"}],"version-history":[{"count":9,"href":"https:\/\/thecloudarchitects.es\/index.php?rest_route=\/wp\/v2\/pages\/15\/revisions"}],"predecessor-version":[{"id":113,"href":"https:\/\/thecloudarchitects.es\/index.php?rest_route=\/wp\/v2\/pages\/15\/revisions\/113"}],"wp:attachment":[{"href":"https:\/\/thecloudarchitects.es\/index.php?rest_route=%2Fwp%2Fv2%2Fmedia&parent=15"}],"curies":[{"name":"wp","href":"https:\/\/api.w.org\/{rel}","templated":true}]}}